{"id":1217,"date":"2022-09-27T19:11:55","date_gmt":"2022-09-27T19:11:55","guid":{"rendered":"https:\/\/christinaernst.net\/contact\/"},"modified":"2023-11-09T20:13:22","modified_gmt":"2023-11-09T20:13:22","slug":"contact","status":"publish","type":"page","link":"https:\/\/christinaernst.net\/en\/contact\/","title":{"rendered":"Contact"},"content":{"rendered":"\n<figure class=\"wp-block-image alignfull size-large\"><img loading=\"lazy\" decoding=\"async\" width=\"1024\" height=\"576\" src=\"https:\/\/christinaernst.net\/wp-content\/uploads\/2023\/11\/Website-CE-neu_cover-1024x576.jpg\" alt=\"\" class=\"wp-image-1307\" srcset=\"https:\/\/christinaernst.net\/wp-content\/uploads\/2023\/11\/Website-CE-neu_cover-1024x576.jpg 1024w, https:\/\/christinaernst.net\/wp-content\/uploads\/2023\/11\/Website-CE-neu_cover-300x169.jpg 300w, https:\/\/christinaernst.net\/wp-content\/uploads\/2023\/11\/Website-CE-neu_cover-768x432.jpg 768w, https:\/\/christinaernst.net\/wp-content\/uploads\/2023\/11\/Website-CE-neu_cover.jpg 1366w\" sizes=\"auto, (max-width: 1024px) 100vw, 1024px\" \/><\/figure>\n\n<div class=\"wp-block-uagb-container uagb-block-cdb779d9 alignfull uagb-is-root-container\"><div class=\"uagb-container-inner-blocks-wrap\">\n<div class=\"wp-block-uagb-container uagb-block-8fb00afb\">\n<h1 class=\"wp-block-heading\">Contact<\/h1>\n\n\n\n<p>For business enquiries.<\/p>\n\n\n\n<div class=\"wp-block-uagb-info-box uagb-block-75504c49 uagb-infobox__content-wrap  uagb-infobox-icon-above-title uagb-infobox-image-valign-top\"><div class=\"uagb-ifb-content\"><div class=\"uagb-ifb-title-wrap\"><h4 class=\"uagb-ifb-title\"><strong>Address<\/strong><\/h4><\/div><p class=\"uagb-ifb-desc\">Linen &amp; Quince UG (limited liability)<br\/>Christina Ernst<br\/>Thomas-Mann-Stra\u00dfe 27<br\/>07743 Jena<\/p><\/div><\/div>\n\n\n\n<div class=\"wp-block-uagb-info-box uagb-block-c5bdb0d9 uagb-infobox__content-wrap  uagb-infobox-icon-above-title uagb-infobox-image-valign-top\"><div class=\"uagb-ifb-content\"><div class=\"uagb-ifb-title-wrap\"><h4 class=\"uagb-ifb-title\"><strong><strong>Email<\/strong><\/strong><\/h4><\/div><p class=\"uagb-ifb-desc\">info@christinaernst.net<\/p><\/div><\/div>\n\n\n\n<div class=\"wp-block-uagb-info-box uagb-block-1908d199 uagb-infobox__content-wrap  uagb-infobox-icon-above-title uagb-infobox-image-valign-top\"><div class=\"uagb-ifb-content\"><div class=\"uagb-ifb-title-wrap\"><\/div><\/div><\/div>\n<\/div>\n\n\n\n<div class=\"wp-block-uagb-container uagb-block-a3fd4ba3\">\n<div class=\"wp-block-uagb-forms uagb-forms__outer-wrap uagb-block-15cbc45b uagb-forms__medium-btn\"><form class=\"uagb-forms-main-form\" method=\"post\" autocomplete=\"on\" name=\"uagb-form-15cbc45b\">\n<div class=\"wp-block-uagb-forms-name uagb-forms-name-wrap uagb-forms-field-set uagb-block-fafcc436\"><div class=\"uagb-forms-name-label required uagb-forms-input-label\" id=\"fafcc436\">First Name<\/div><input type=\"text\" placeholder=\"Name\" required=\"\" class=\"uagb-forms-name-input uagb-forms-input\" name=\"fafcc436\" autocomplete=\"name\"><\/div>\n\n\n\n<div class=\"wp-block-uagb-forms-name uagb-forms-name-wrap uagb-forms-field-set uagb-block-6a17e90a\"><div class=\"uagb-forms-name-label required uagb-forms-input-label\" id=\"6a17e90a\">Last Name<\/div><input type=\"text\" placeholder=\"Subject\" required=\"\" class=\"uagb-forms-name-input uagb-forms-input\" name=\"6a17e90a\" autocomplete=\"off\"><\/div>\n\n\n\n<div class=\"wp-block-uagb-forms-email uagb-forms-email-wrap uagb-forms-field-set uagb-block-f0b283aa\"><div class=\"uagb-forms-email-label required uagb-forms-input-label\" id=\"f0b283aa\">Email<\/div><input type=\"email\" class=\"uagb-forms-email-input uagb-forms-input\" placeholder=\"Email\" required=\"\" name=\"f0b283aa\" autocomplete=\"email\"><\/div>\n\n\n\n<div class=\"wp-block-uagb-forms-textarea uagb-forms-textarea-wrap uagb-forms-field-set uagb-block-99745996\"><div class=\"uagb-forms-textarea-label required uagb-forms-input-label\" id=\"99745996\">Message<\/div><textarea required=\"\" class=\"uagb-forms-textarea-input uagb-forms-input\" rows=\"4\" placeholder=\"Message\" name=\"99745996\" autocomplete=\"off\"><\/textarea><\/div>\n<div class=\"uagb-forms-form-hidden-data\"><input type=\"hidden\" id=\"g-recaptcha-response\" class=\"uagb-forms-recaptcha\"\/><input type=\"hidden\" class=\"uagb_forms_form_label\" value=\"Spectra Form\"\/><input type=\"hidden\" class=\"uagb_forms_form_id\" value=\"uagb-form-15cbc45b\"\/><\/div><div class=\"g-recaptcha uagb-forms-field-set\" data-sitekey=\"\"><\/div><div class=\"uagb-form-reacaptcha-error-15cbc45b\"><\/div><div class=\"uagb-forms-main-submit-button-wrap wp-block-button\"><button class=\"uagb-forms-main-submit-button wp-block-button__link\"><div class=\"uagb-forms-main-submit-button-text\">Send Message<\/div><\/button><\/div><\/form><div class=\"uagb-forms-success-message-15cbc45b uagb-forms-submit-message-hide\"><span>Ihre Nachricht wurde \u00fcbermittelt!<\/span><\/div><div class=\"uagb-forms-failed-message-15cbc45b uagb-forms-submit-message-hide\"><span>Das hat leider nicht geklappt \ud83d\ude41 \nBitte versuchen Sie es nochmal.<\/span><\/div><\/div>\n<\/div>\n<\/div><\/div>\n\n<div style=\"height:54px\" aria-hidden=\"true\" class=\"wp-block-spacer\"><\/div>\n\n<div class=\"wp-block-uagb-container uagb-block-e1796790 alignfull uagb-is-root-container\"><div class=\"uagb-container-inner-blocks-wrap\">\n<figure class=\"wp-block-image aligncenter size-full\"><img loading=\"lazy\" decoding=\"async\" width=\"250\" height=\"250\" src=\"https:\/\/christinaernst.net\/wp-content\/uploads\/2023\/11\/Logo-CE.png\" alt=\"Logo CE\" class=\"wp-image-1294\" srcset=\"https:\/\/christinaernst.net\/wp-content\/uploads\/2023\/11\/Logo-CE.png 250w, https:\/\/christinaernst.net\/wp-content\/uploads\/2023\/11\/Logo-CE-150x150.png 150w\" sizes=\"auto, (max-width: 250px) 100vw, 250px\" \/><\/figure>\n\n\n\n<h2 class=\"wp-block-heading has-text-align-center\">Ich freue mich, <br>meine Neuigkeiten mit euch zu teilen!<\/h2>\n\n\n\n<p class=\"has-text-align-center\">M\u00f6chtet ihr Infos zu meinen neuesten Artikeln und den interessantesten Themen rund um Unternehmertum, Finanzen, Immobilien und Pers\u00f6nlichkeitsentwicklung direkt in eure Mailbox bekommen?<br>Dann meldet euch f\u00fcr meinen Newsletter an!<br>Ich w\u00fcrde euch gerne auf dem Laufenden halten.<\/p>\n\n\n\n<div class=\"wp-block-buttons is-content-justification-center is-layout-flex wp-container-core-buttons-is-layout-a89b3969 wp-block-buttons-is-layout-flex\">\n<div class=\"wp-block-button has-custom-font-size is-style-outline is-style-outline--1\" style=\"font-size:18px\"><a class=\"wp-block-button__link wp-element-button\" href=\"https:\/\/461be608.sibforms.com\/serve\/MUIEABjZYcHD6jNruZIR1I_klh9KATV03l_tI_qy22x2Uh-LjrarFBXEJvipvs9SdEoFpdnlnRDBbmuGfrjh3V1PygxGCOrJu1rN4p234ScHQ5i83AJrbPUMCgAKHxTM4GUyqL-8Nhfjq-EaqgjyB22tKrD8ukCBgfWgneCM1FGr_vM6rkxuZGK2vzPZpU4j3lArThLyq2UDBXDe\" style=\"border-width:1px;border-radius:0px\" target=\"_blank\" rel=\"noreferrer noopener\">Anmelden<\/a><\/div>\n<\/div>\n<\/div><\/div>\n\n<div style=\"height:100px\" aria-hidden=\"true\" class=\"wp-block-spacer\"><\/div>\n","protected":false},"excerpt":{"rendered":"<p>Contact For business enquiries.<\/p>\n","protected":false},"author":1,"featured_media":0,"parent":0,"menu_order":0,"comment_status":"closed","ping_status":"closed","template":"","meta":{"_uag_custom_page_level_css":"","site-sidebar-layout":"default","site-content-layout":"","ast-site-content-layout":"default","site-content-style":"default","site-sidebar-style":"default","ast-global-header-display":"","ast-banner-title-visibility":"","ast-main-header-display":"","ast-hfb-above-header-display":"","ast-hfb-below-header-display":"","ast-hfb-mobile-header-display":"","site-post-title":"disabled","ast-breadcrumbs-content":"","ast-featured-img":"","footer-sml-layout":"","ast-disable-related-posts":"","theme-transparent-header-meta":"","adv-header-id-meta":"","stick-header-meta":"","header-above-stick-meta":"","header-main-stick-meta":"","header-below-stick-meta":"","astra-migrate-meta-layouts":"default","ast-page-background-enabled":"default","ast-page-background-meta":{"desktop":{"background-color":"var(--ast-global-color-4)","background-image":"","background-repeat":"repeat","background-position":"center center","background-size":"auto","background-attachment":"scroll","background-type":"","background-media":"","overlay-type":"","overlay-color":"","overlay-opacity":"","overlay-gradient":""},"tablet":{"background-color":"","background-image":"","background-repeat":"repeat","background-position":"center center","background-size":"auto","background-attachment":"scroll","background-type":"","background-media":"","overlay-type":"","overlay-color":"","overlay-opacity":"","overlay-gradient":""},"mobile":{"background-color":"","background-image":"","background-repeat":"repeat","background-position":"center center","background-size":"auto","background-attachment":"scroll","background-type":"","background-media":"","overlay-type":"","overlay-color":"","overlay-opacity":"","overlay-gradient":""}},"ast-content-background-meta":{"desktop":{"background-color":"var(--ast-global-color-5)","background-image":"","background-repeat":"repeat","background-position":"center center","background-size":"auto","background-attachment":"scroll","background-type":"","background-media":"","overlay-type":"","overlay-color":"","overlay-opacity":"","overlay-gradient":""},"tablet":{"background-color":"var(--ast-global-color-5)","background-image":"","background-repeat":"repeat","background-position":"center center","background-size":"auto","background-attachment":"scroll","background-type":"","background-media":"","overlay-type":"","overlay-color":"","overlay-opacity":"","overlay-gradient":""},"mobile":{"background-color":"var(--ast-global-color-5)","background-image":"","background-repeat":"repeat","background-position":"center center","background-size":"auto","background-attachment":"scroll","background-type":"","background-media":"","overlay-type":"","overlay-color":"","overlay-opacity":"","overlay-gradient":""}},"footnotes":""},"class_list":["post-1217","page","type-page","status-publish","hentry"],"uagb_featured_image_src":{"full":false,"thumbnail":false,"medium":false,"medium_large":false,"large":false,"1536x1536":false,"2048x2048":false},"uagb_author_info":{"display_name":"Christina","author_link":"https:\/\/christinaernst.net\/en\/author\/admin\/"},"uagb_comment_info":0,"uagb_excerpt":"Contact For business enquiries.","_links":{"self":[{"href":"https:\/\/christinaernst.net\/en\/wp-json\/wp\/v2\/pages\/1217","targetHints":{"allow":["GET"]}}],"collection":[{"href":"https:\/\/christinaernst.net\/en\/wp-json\/wp\/v2\/pages"}],"about":[{"href":"https:\/\/christinaernst.net\/en\/wp-json\/wp\/v2\/types\/page"}],"author":[{"embeddable":true,"href":"https:\/\/christinaernst.net\/en\/wp-json\/wp\/v2\/users\/1"}],"replies":[{"embeddable":true,"href":"https:\/\/christinaernst.net\/en\/wp-json\/wp\/v2\/comments?post=1217"}],"version-history":[{"count":10,"href":"https:\/\/christinaernst.net\/en\/wp-json\/wp\/v2\/pages\/1217\/revisions"}],"predecessor-version":[{"id":1435,"href":"https:\/\/christinaernst.net\/en\/wp-json\/wp\/v2\/pages\/1217\/revisions\/1435"}],"wp:attachment":[{"href":"https:\/\/christinaernst.net\/en\/wp-json\/wp\/v2\/media?parent=1217"}],"curies":[{"name":"wp","href":"https:\/\/api.w.org\/{rel}","templated":true}]}}